{"id":5537,"date":"2024-12-15T17:00:18","date_gmt":"2024-12-15T15:00:18","guid":{"rendered":"https:\/\/heimatnah.com\/?post_type=product&#038;p=5537"},"modified":"2025-02-22T19:11:41","modified_gmt":"2025-02-22T18:11:41","slug":"yogakissen-kyoto-synthetik","status":"publish","type":"product","link":"https:\/\/heimatnah.com\/?product=yogakissen-kyoto-synthetik","title":{"rendered":"Yogakissen Synthetik"},"content":{"rendered":"<p>Ma\u00dfe: \u00d8 30cm x 15cm Sitzh\u00f6he<\/p>\n<p>Bezug: Syn.<\/p>\n<p>Der Bezug ist abnehmbar &amp; waschbar laut Pflegeanweisung.<\/p>\n<p>Innenkissen: 100% BW \u2013 F\u00fcllung: Dinkelspelzen (kbA)<\/p>\n","protected":false},"excerpt":{"rendered":"<p>Farbe: Rot\/Muster im asiatischen Stil<\/p>\n","protected":false},"featured_media":3305,"template":"","meta":{"_coblocks_attr":"","_coblocks_dimensions":"","_coblocks_responsive_height":"","_coblocks_accordion_ie_support":"","_crdt_document":"","jetpack_post_was_ever_published":false,"jetpack_publicize_message":"","jetpack_publicize_feature_enabled":true,"jetpack_social_post_already_shared":true,"jetpack_social_options":{"image_generator_settings":{"template":"highway","default_image_id":0,"font":"","enabled":false},"version":2},"_wpas_customize_per_network":false},"product_brand":[],"product_cat":[723105952,723105954],"product_tag":[],"class_list":{"0":"post-5537","1":"product","2":"type-product","3":"status-publish","4":"has-post-thumbnail","6":"product_cat-yoga-und-meditationskissen-15-cm","7":"product_cat-yoga-und-meditationskissen","8":"pa_colour-rot","10":"first","11":"instock","12":"sold-individually","13":"shipping-taxable","14":"purchasable","15":"product-type-simple"},"yoast_head":"<!-- This site is optimized with the Yoast SEO plugin v27.3 - https:\/\/yoast.com\/product\/yoast-seo-wordpress\/ -->\n<title>Yogakissen Synthetik - Heimatnah<\/title>\n<meta name=\"robots\" content=\"index, follow, max-snippet:-1, max-image-preview:large, max-video-preview:-1\" \/>\n<link rel=\"canonical\" href=\"https:\/\/heimatnah.com\/?product=yogakissen-kyoto-synthetik\" \/>\n<meta property=\"og:locale\" content=\"de_DE\" \/>\n<meta property=\"og:type\" content=\"article\" \/>\n<meta property=\"og:title\" content=\"Yogakissen Synthetik - Heimatnah\" \/>\n<meta property=\"og:description\" content=\"Farbe: Rot\/Muster im asiatischen Stil\" \/>\n<meta property=\"og:url\" content=\"https:\/\/heimatnah.com\/?product=yogakissen-kyoto-synthetik\" \/>\n<meta property=\"og:site_name\" content=\"Heimatnah\" \/>\n<meta property=\"article:modified_time\" content=\"2025-02-22T18:11:41+00:00\" \/>\n<meta property=\"og:image\" content=\"https:\/\/heimatnah.com\/wp-content\/uploads\/2022\/03\/wp-1648639786134-e1735640353872.jpg\" \/>\n\t<meta property=\"og:image:width\" content=\"3000\" \/>\n\t<meta property=\"og:image:height\" content=\"2250\" \/>\n\t<meta property=\"og:image:type\" content=\"image\/jpeg\" \/>\n<meta name=\"twitter:card\" content=\"summary_large_image\" \/>\n<meta name=\"twitter:label1\" content=\"Gesch\u00e4tzte Lesezeit\" \/>\n\t<meta name=\"twitter:data1\" content=\"1\u00a0Minute\" \/>\n<script type=\"application\/ld+json\" class=\"yoast-schema-graph\">{\"@context\":\"https:\\\/\\\/schema.org\",\"@graph\":[{\"@type\":\"WebPage\",\"@id\":\"https:\\\/\\\/heimatnah.com\\\/?product=yogakissen-kyoto-synthetik\",\"url\":\"https:\\\/\\\/heimatnah.com\\\/?product=yogakissen-kyoto-synthetik\",\"name\":\"Yogakissen Synthetik - Heimatnah\",\"isPartOf\":{\"@id\":\"https:\\\/\\\/heimatnah.com\\\/#website\"},\"primaryImageOfPage\":{\"@id\":\"https:\\\/\\\/heimatnah.com\\\/?product=yogakissen-kyoto-synthetik#primaryimage\"},\"image\":{\"@id\":\"https:\\\/\\\/heimatnah.com\\\/?product=yogakissen-kyoto-synthetik#primaryimage\"},\"thumbnailUrl\":\"https:\\\/\\\/i0.wp.com\\\/heimatnah.com\\\/wp-content\\\/uploads\\\/2022\\\/03\\\/wp-1648639786134-e1735640353872.jpg?fit=3000%2C2250&ssl=1\",\"datePublished\":\"2024-12-15T15:00:18+00:00\",\"dateModified\":\"2025-02-22T18:11:41+00:00\",\"breadcrumb\":{\"@id\":\"https:\\\/\\\/heimatnah.com\\\/?product=yogakissen-kyoto-synthetik#breadcrumb\"},\"inLanguage\":\"de\",\"potentialAction\":[{\"@type\":\"ReadAction\",\"target\":[\"https:\\\/\\\/heimatnah.com\\\/?product=yogakissen-kyoto-synthetik\"]}]},{\"@type\":\"ImageObject\",\"inLanguage\":\"de\",\"@id\":\"https:\\\/\\\/heimatnah.com\\\/?product=yogakissen-kyoto-synthetik#primaryimage\",\"url\":\"https:\\\/\\\/i0.wp.com\\\/heimatnah.com\\\/wp-content\\\/uploads\\\/2022\\\/03\\\/wp-1648639786134-e1735640353872.jpg?fit=3000%2C2250&ssl=1\",\"contentUrl\":\"https:\\\/\\\/i0.wp.com\\\/heimatnah.com\\\/wp-content\\\/uploads\\\/2022\\\/03\\\/wp-1648639786134-e1735640353872.jpg?fit=3000%2C2250&ssl=1\",\"width\":3000,\"height\":2250,\"caption\":\"Yogakissen Rot\"},{\"@type\":\"BreadcrumbList\",\"@id\":\"https:\\\/\\\/heimatnah.com\\\/?product=yogakissen-kyoto-synthetik#breadcrumb\",\"itemListElement\":[{\"@type\":\"ListItem\",\"position\":1,\"name\":\"Startseite\",\"item\":\"https:\\\/\\\/heimatnah.com\\\/\"},{\"@type\":\"ListItem\",\"position\":2,\"name\":\"Shop\",\"item\":\"https:\\\/\\\/heimatnah.com\\\/?page_id=2620\"},{\"@type\":\"ListItem\",\"position\":3,\"name\":\"Yogakissen Synthetik\"}]},{\"@type\":\"WebSite\",\"@id\":\"https:\\\/\\\/heimatnah.com\\\/#website\",\"url\":\"https:\\\/\\\/heimatnah.com\\\/\",\"name\":\"Heimatnah\",\"description\":\"Reise  Inspiration  Design\",\"publisher\":{\"@id\":\"https:\\\/\\\/heimatnah.com\\\/#organization\"},\"potentialAction\":[{\"@type\":\"SearchAction\",\"target\":{\"@type\":\"EntryPoint\",\"urlTemplate\":\"https:\\\/\\\/heimatnah.com\\\/?s={search_term_string}\"},\"query-input\":{\"@type\":\"PropertyValueSpecification\",\"valueRequired\":true,\"valueName\":\"search_term_string\"}}],\"inLanguage\":\"de\"},{\"@type\":\"Organization\",\"@id\":\"https:\\\/\\\/heimatnah.com\\\/#organization\",\"name\":\"Heimatnah\",\"url\":\"https:\\\/\\\/heimatnah.com\\\/\",\"logo\":{\"@type\":\"ImageObject\",\"inLanguage\":\"de\",\"@id\":\"https:\\\/\\\/heimatnah.com\\\/#\\\/schema\\\/logo\\\/image\\\/\",\"url\":\"https:\\\/\\\/i0.wp.com\\\/heimatnah.com\\\/wp-content\\\/uploads\\\/2018\\\/03\\\/cropped-mountain-road-e1629038020930.png?fit=512%2C419&ssl=1\",\"contentUrl\":\"https:\\\/\\\/i0.wp.com\\\/heimatnah.com\\\/wp-content\\\/uploads\\\/2018\\\/03\\\/cropped-mountain-road-e1629038020930.png?fit=512%2C419&ssl=1\",\"width\":512,\"height\":419,\"caption\":\"Heimatnah\"},\"image\":{\"@id\":\"https:\\\/\\\/heimatnah.com\\\/#\\\/schema\\\/logo\\\/image\\\/\"},\"sameAs\":[\"https:\\\/\\\/at.pinterest.com\\\/heimatnaht\"]}]}<\/script>\n<!-- \/ Yoast SEO plugin. -->","yoast_head_json":{"title":"Yogakissen Synthetik - Heimatnah","robots":{"index":"index","follow":"follow","max-snippet":"max-snippet:-1","max-image-preview":"max-image-preview:large","max-video-preview":"max-video-preview:-1"},"canonical":"https:\/\/heimatnah.com\/?product=yogakissen-kyoto-synthetik","og_locale":"de_DE","og_type":"article","og_title":"Yogakissen Synthetik - Heimatnah","og_description":"Farbe: Rot\/Muster im asiatischen Stil","og_url":"https:\/\/heimatnah.com\/?product=yogakissen-kyoto-synthetik","og_site_name":"Heimatnah","article_modified_time":"2025-02-22T18:11:41+00:00","og_image":[{"width":3000,"height":2250,"url":"https:\/\/heimatnah.com\/wp-content\/uploads\/2022\/03\/wp-1648639786134-e1735640353872.jpg","type":"image\/jpeg"}],"twitter_card":"summary_large_image","twitter_misc":{"Gesch\u00e4tzte Lesezeit":"1\u00a0Minute"},"schema":{"@context":"https:\/\/schema.org","@graph":[{"@type":"WebPage","@id":"https:\/\/heimatnah.com\/?product=yogakissen-kyoto-synthetik","url":"https:\/\/heimatnah.com\/?product=yogakissen-kyoto-synthetik","name":"Yogakissen Synthetik - Heimatnah","isPartOf":{"@id":"https:\/\/heimatnah.com\/#website"},"primaryImageOfPage":{"@id":"https:\/\/heimatnah.com\/?product=yogakissen-kyoto-synthetik#primaryimage"},"image":{"@id":"https:\/\/heimatnah.com\/?product=yogakissen-kyoto-synthetik#primaryimage"},"thumbnailUrl":"https:\/\/i0.wp.com\/heimatnah.com\/wp-content\/uploads\/2022\/03\/wp-1648639786134-e1735640353872.jpg?fit=3000%2C2250&ssl=1","datePublished":"2024-12-15T15:00:18+00:00","dateModified":"2025-02-22T18:11:41+00:00","breadcrumb":{"@id":"https:\/\/heimatnah.com\/?product=yogakissen-kyoto-synthetik#breadcrumb"},"inLanguage":"de","potentialAction":[{"@type":"ReadAction","target":["https:\/\/heimatnah.com\/?product=yogakissen-kyoto-synthetik"]}]},{"@type":"ImageObject","inLanguage":"de","@id":"https:\/\/heimatnah.com\/?product=yogakissen-kyoto-synthetik#primaryimage","url":"https:\/\/i0.wp.com\/heimatnah.com\/wp-content\/uploads\/2022\/03\/wp-1648639786134-e1735640353872.jpg?fit=3000%2C2250&ssl=1","contentUrl":"https:\/\/i0.wp.com\/heimatnah.com\/wp-content\/uploads\/2022\/03\/wp-1648639786134-e1735640353872.jpg?fit=3000%2C2250&ssl=1","width":3000,"height":2250,"caption":"Yogakissen Rot"},{"@type":"BreadcrumbList","@id":"https:\/\/heimatnah.com\/?product=yogakissen-kyoto-synthetik#breadcrumb","itemListElement":[{"@type":"ListItem","position":1,"name":"Startseite","item":"https:\/\/heimatnah.com\/"},{"@type":"ListItem","position":2,"name":"Shop","item":"https:\/\/heimatnah.com\/?page_id=2620"},{"@type":"ListItem","position":3,"name":"Yogakissen Synthetik"}]},{"@type":"WebSite","@id":"https:\/\/heimatnah.com\/#website","url":"https:\/\/heimatnah.com\/","name":"Heimatnah","description":"Reise  Inspiration  Design","publisher":{"@id":"https:\/\/heimatnah.com\/#organization"},"potentialAction":[{"@type":"SearchAction","target":{"@type":"EntryPoint","urlTemplate":"https:\/\/heimatnah.com\/?s={search_term_string}"},"query-input":{"@type":"PropertyValueSpecification","valueRequired":true,"valueName":"search_term_string"}}],"inLanguage":"de"},{"@type":"Organization","@id":"https:\/\/heimatnah.com\/#organization","name":"Heimatnah","url":"https:\/\/heimatnah.com\/","logo":{"@type":"ImageObject","inLanguage":"de","@id":"https:\/\/heimatnah.com\/#\/schema\/logo\/image\/","url":"https:\/\/i0.wp.com\/heimatnah.com\/wp-content\/uploads\/2018\/03\/cropped-mountain-road-e1629038020930.png?fit=512%2C419&ssl=1","contentUrl":"https:\/\/i0.wp.com\/heimatnah.com\/wp-content\/uploads\/2018\/03\/cropped-mountain-road-e1629038020930.png?fit=512%2C419&ssl=1","width":512,"height":419,"caption":"Heimatnah"},"image":{"@id":"https:\/\/heimatnah.com\/#\/schema\/logo\/image\/"},"sameAs":["https:\/\/at.pinterest.com\/heimatnaht"]}]}},"jetpack_publicize_connections":[],"jetpack_sharing_enabled":true,"jetpack-related-posts":[{"id":6879,"url":"https:\/\/heimatnah.com\/?product=zirbenpolsterl","url_meta":{"origin":5537,"position":0},"title":"Zirbenpolsterl","author":"heimkehrerin","date":"3. April 2026","format":false,"excerpt":"Unikat","rel":"","context":"\u00c4hnlicher Beitrag","block_context":{"text":"\u00c4hnlicher Beitrag","link":""},"img":{"alt_text":"","src":"https:\/\/i0.wp.com\/heimatnah.com\/wp-content\/uploads\/2026\/04\/wp-17752171562424730437373793942428.jpg?fit=1200%2C721&ssl=1&resize=350%2C200","width":350,"height":200,"srcset":"https:\/\/i0.wp.com\/heimatnah.com\/wp-content\/uploads\/2026\/04\/wp-17752171562424730437373793942428.jpg?fit=1200%2C721&ssl=1&resize=350%2C200 1x, https:\/\/i0.wp.com\/heimatnah.com\/wp-content\/uploads\/2026\/04\/wp-17752171562424730437373793942428.jpg?fit=1200%2C721&ssl=1&resize=525%2C300 1.5x, https:\/\/i0.wp.com\/heimatnah.com\/wp-content\/uploads\/2026\/04\/wp-17752171562424730437373793942428.jpg?fit=1200%2C721&ssl=1&resize=700%2C400 2x, https:\/\/i0.wp.com\/heimatnah.com\/wp-content\/uploads\/2026\/04\/wp-17752171562424730437373793942428.jpg?fit=1200%2C721&ssl=1&resize=1050%2C600 3x"},"classes":[]},{"id":5541,"url":"https:\/\/heimatnah.com\/?product=mini-yogi-mohnmuster","url_meta":{"origin":5537,"position":1},"title":"&#8222;Mini-Yogi&#8220; Baumwolle","author":"heimkehrerin","date":"15. Dezember 2024","format":false,"excerpt":"Farbe: Mohnmuster","rel":"","context":"\u00c4hnlicher Beitrag","block_context":{"text":"\u00c4hnlicher Beitrag","link":""},"img":{"alt_text":"","src":"https:\/\/i0.wp.com\/heimatnah.com\/wp-content\/uploads\/2023\/12\/wp-1701786640713-e1735640686213.jpg?fit=1200%2C900&ssl=1&resize=350%2C200","width":350,"height":200,"srcset":"https:\/\/i0.wp.com\/heimatnah.com\/wp-content\/uploads\/2023\/12\/wp-1701786640713-e1735640686213.jpg?fit=1200%2C900&ssl=1&resize=350%2C200 1x, https:\/\/i0.wp.com\/heimatnah.com\/wp-content\/uploads\/2023\/12\/wp-1701786640713-e1735640686213.jpg?fit=1200%2C900&ssl=1&resize=525%2C300 1.5x, https:\/\/i0.wp.com\/heimatnah.com\/wp-content\/uploads\/2023\/12\/wp-1701786640713-e1735640686213.jpg?fit=1200%2C900&ssl=1&resize=700%2C400 2x, https:\/\/i0.wp.com\/heimatnah.com\/wp-content\/uploads\/2023\/12\/wp-1701786640713-e1735640686213.jpg?fit=1200%2C900&ssl=1&resize=1050%2C600 3x"},"classes":[]},{"id":5515,"url":"https:\/\/heimatnah.com\/?product=yogakissen-daham","url_meta":{"origin":5537,"position":2},"title":"Yogakissen Leinen","author":"heimkehrerin","date":"14. Dezember 2024","format":false,"excerpt":"Farbe: Natur","rel":"","context":"\u00c4hnlicher Beitrag","block_context":{"text":"\u00c4hnlicher Beitrag","link":""},"img":{"alt_text":"","src":"https:\/\/i0.wp.com\/heimatnah.com\/wp-content\/uploads\/2020\/06\/img_20200606_155817361948016.jpg?fit=1200%2C900&ssl=1&resize=350%2C200","width":350,"height":200,"srcset":"https:\/\/i0.wp.com\/heimatnah.com\/wp-content\/uploads\/2020\/06\/img_20200606_155817361948016.jpg?fit=1200%2C900&ssl=1&resize=350%2C200 1x, https:\/\/i0.wp.com\/heimatnah.com\/wp-content\/uploads\/2020\/06\/img_20200606_155817361948016.jpg?fit=1200%2C900&ssl=1&resize=525%2C300 1.5x, https:\/\/i0.wp.com\/heimatnah.com\/wp-content\/uploads\/2020\/06\/img_20200606_155817361948016.jpg?fit=1200%2C900&ssl=1&resize=700%2C400 2x, https:\/\/i0.wp.com\/heimatnah.com\/wp-content\/uploads\/2020\/06\/img_20200606_155817361948016.jpg?fit=1200%2C900&ssl=1&resize=1050%2C600 3x"},"classes":[]},{"id":5543,"url":"https:\/\/heimatnah.com\/?product=mini-yogi-aubergine-baumwolle","url_meta":{"origin":5537,"position":3},"title":"&#8222;Mini-Yogi&#8220; Baumwolle","author":"heimkehrerin","date":"15. Dezember 2024","format":false,"excerpt":"Farbe: Aubergine - Top Reisebegleiter","rel":"","context":"\u00c4hnlicher Beitrag","block_context":{"text":"\u00c4hnlicher Beitrag","link":""},"img":{"alt_text":"","src":"https:\/\/i0.wp.com\/heimatnah.com\/wp-content\/uploads\/2022\/04\/wp-1650793026184-e1735640849773.jpg?fit=1200%2C900&ssl=1&resize=350%2C200","width":350,"height":200,"srcset":"https:\/\/i0.wp.com\/heimatnah.com\/wp-content\/uploads\/2022\/04\/wp-1650793026184-e1735640849773.jpg?fit=1200%2C900&ssl=1&resize=350%2C200 1x, https:\/\/i0.wp.com\/heimatnah.com\/wp-content\/uploads\/2022\/04\/wp-1650793026184-e1735640849773.jpg?fit=1200%2C900&ssl=1&resize=525%2C300 1.5x, https:\/\/i0.wp.com\/heimatnah.com\/wp-content\/uploads\/2022\/04\/wp-1650793026184-e1735640849773.jpg?fit=1200%2C900&ssl=1&resize=700%2C400 2x, https:\/\/i0.wp.com\/heimatnah.com\/wp-content\/uploads\/2022\/04\/wp-1650793026184-e1735640849773.jpg?fit=1200%2C900&ssl=1&resize=1050%2C600 3x"},"classes":[]},{"id":5523,"url":"https:\/\/heimatnah.com\/?product=yogakissen-kopenhagen-baumwolle","url_meta":{"origin":5537,"position":4},"title":"Yogakissen Baumwolle","author":"heimkehrerin","date":"15. Dezember 2024","format":false,"excerpt":"Farbe: Natur\/Aubergine","rel":"","context":"\u00c4hnlicher Beitrag","block_context":{"text":"\u00c4hnlicher Beitrag","link":""},"img":{"alt_text":"","src":"https:\/\/i0.wp.com\/heimatnah.com\/wp-content\/uploads\/2022\/04\/wp-1650793026422-e1735642044967.jpg?fit=1200%2C900&ssl=1&resize=350%2C200","width":350,"height":200,"srcset":"https:\/\/i0.wp.com\/heimatnah.com\/wp-content\/uploads\/2022\/04\/wp-1650793026422-e1735642044967.jpg?fit=1200%2C900&ssl=1&resize=350%2C200 1x, https:\/\/i0.wp.com\/heimatnah.com\/wp-content\/uploads\/2022\/04\/wp-1650793026422-e1735642044967.jpg?fit=1200%2C900&ssl=1&resize=525%2C300 1.5x, https:\/\/i0.wp.com\/heimatnah.com\/wp-content\/uploads\/2022\/04\/wp-1650793026422-e1735642044967.jpg?fit=1200%2C900&ssl=1&resize=700%2C400 2x, https:\/\/i0.wp.com\/heimatnah.com\/wp-content\/uploads\/2022\/04\/wp-1650793026422-e1735642044967.jpg?fit=1200%2C900&ssl=1&resize=1050%2C600 3x"},"classes":[]},{"id":5534,"url":"https:\/\/heimatnah.com\/?product=yogakissen-marmaris-baumwolle","url_meta":{"origin":5537,"position":5},"title":"Yogakissen Baumwolle","author":"heimkehrerin","date":"15. Dezember 2024","format":false,"excerpt":"Farbe: Schwarz\/Mohnmuster","rel":"","context":"\u00c4hnlicher Beitrag","block_context":{"text":"\u00c4hnlicher Beitrag","link":""},"img":{"alt_text":"","src":"https:\/\/i0.wp.com\/heimatnah.com\/wp-content\/uploads\/2023\/12\/wp-1701786640671-e1735640539966.jpg?fit=1200%2C900&ssl=1&resize=350%2C200","width":350,"height":200,"srcset":"https:\/\/i0.wp.com\/heimatnah.com\/wp-content\/uploads\/2023\/12\/wp-1701786640671-e1735640539966.jpg?fit=1200%2C900&ssl=1&resize=350%2C200 1x, https:\/\/i0.wp.com\/heimatnah.com\/wp-content\/uploads\/2023\/12\/wp-1701786640671-e1735640539966.jpg?fit=1200%2C900&ssl=1&resize=525%2C300 1.5x, https:\/\/i0.wp.com\/heimatnah.com\/wp-content\/uploads\/2023\/12\/wp-1701786640671-e1735640539966.jpg?fit=1200%2C900&ssl=1&resize=700%2C400 2x, https:\/\/i0.wp.com\/heimatnah.com\/wp-content\/uploads\/2023\/12\/wp-1701786640671-e1735640539966.jpg?fit=1200%2C900&ssl=1&resize=1050%2C600 3x"},"classes":[]}],"_links":{"self":[{"href":"https:\/\/heimatnah.com\/index.php?rest_route=\/wp\/v2\/product\/5537","targetHints":{"allow":["GET"]}}],"collection":[{"href":"https:\/\/heimatnah.com\/index.php?rest_route=\/wp\/v2\/product"}],"about":[{"href":"https:\/\/heimatnah.com\/index.php?rest_route=\/wp\/v2\/types\/product"}],"wp:featuredmedia":[{"embeddable":true,"href":"https:\/\/heimatnah.com\/index.php?rest_route=\/wp\/v2\/media\/3305"}],"wp:attachment":[{"href":"https:\/\/heimatnah.com\/index.php?rest_route=%2Fwp%2Fv2%2Fmedia&parent=5537"}],"wp:term":[{"taxonomy":"product_brand","embeddable":true,"href":"https:\/\/heimatnah.com\/index.php?rest_route=%2Fwp%2Fv2%2Fproduct_brand&post=5537"},{"taxonomy":"product_cat","embeddable":true,"href":"https:\/\/heimatnah.com\/index.php?rest_route=%2Fwp%2Fv2%2Fproduct_cat&post=5537"},{"taxonomy":"product_tag","embeddable":true,"href":"https:\/\/heimatnah.com\/index.php?rest_route=%2Fwp%2Fv2%2Fproduct_tag&post=5537"}],"curies":[{"name":"wp","href":"https:\/\/api.w.org\/{rel}","templated":true}]}}