{"id":5213,"date":"2024-09-02T19:50:44","date_gmt":"2024-09-02T17:50:44","guid":{"rendered":"https:\/\/heimatnah.com\/warenkorb\/"},"modified":"2025-02-08T10:09:43","modified_gmt":"2025-02-08T09:09:43","slug":"warenkorb","status":"publish","type":"page","link":"https:\/\/heimatnah.com\/?page_id=5213","title":{"rendered":"Warenkorb"},"content":{"rendered":"\n<div data-block-name=\"woocommerce\/cart\" class=\"wp-block-woocommerce-cart alignwide is-loading\">\n<div data-block-name=\"woocommerce\/filled-cart-block\" class=\"wp-block-woocommerce-filled-cart-block\">\n<div data-block-name=\"woocommerce\/cart-items-block\" class=\"wp-block-woocommerce-cart-items-block\">\n<div data-block-name=\"woocommerce\/cart-line-items-block\" class=\"wp-block-woocommerce-cart-line-items-block\"><\/div>\n\n\n\n<div data-block-name=\"woocommerce\/cart-cross-sells-block\" class=\"wp-block-woocommerce-cart-cross-sells-block\">\n<h2 class=\"wp-block-heading has-large-font-size\">Top Empfehlung \u2026<\/h2>\n\n\n\n<div data-block-name=\"woocommerce\/cart-cross-sells-products-block\" class=\"wp-block-woocommerce-cart-cross-sells-products-block\"><\/div>\n<\/div>\n<\/div>\n\n\n\n<div data-block-name=\"woocommerce\/cart-totals-block\" class=\"wp-block-woocommerce-cart-totals-block\"><div data-block-name=\"woocommerce-germanized\/cart-summary-item\" class=\"wp-block-woocommerce-germanized-cart-summary-item\"><\/div>\n<div data-block-name=\"woocommerce\/cart-order-summary-block\" class=\"wp-block-woocommerce-cart-order-summary-block\">\n<div data-block-name=\"woocommerce\/cart-order-summary-heading-block\" data-content=\"Warenkorb-Summe\" class=\"wp-block-woocommerce-cart-order-summary-heading-block\"><\/div>\n\n\n\n<div data-block-name=\"woocommerce\/cart-order-summary-coupon-form-block\" class=\"wp-block-woocommerce-cart-order-summary-coupon-form-block\"><\/div>\n\n\n\n<div data-block-name=\"woocommerce\/cart-order-summary-totals-block\" class=\"wp-block-woocommerce-cart-order-summary-totals-block\">\n<div data-block-name=\"woocommerce\/cart-order-summary-subtotal-block\" class=\"wp-block-woocommerce-cart-order-summary-subtotal-block\"><\/div>\n\n\n\n<div data-block-name=\"woocommerce\/cart-order-summary-fee-block\" class=\"wp-block-woocommerce-cart-order-summary-fee-block\"><\/div>\n\n\n\n<div data-block-name=\"woocommerce\/cart-order-summary-discount-block\" class=\"wp-block-woocommerce-cart-order-summary-discount-block\"><\/div>\n\n\n\n<div data-block-name=\"woocommerce\/cart-order-summary-shipping-block\" class=\"wp-block-woocommerce-cart-order-summary-shipping-block\"><\/div>\n\n\n\n<div data-block-name=\"woocommerce\/cart-order-summary-taxes-block\" class=\"wp-block-woocommerce-cart-order-summary-taxes-block\"><\/div>\n<\/div>\n<\/div>\n\n\n\n<div data-block-name=\"woocommerce\/cart-express-payment-block\" class=\"wp-block-woocommerce-cart-express-payment-block\"><\/div>\n\n\n\n<div data-block-name=\"woocommerce\/proceed-to-checkout-block\" data-button-label=\"Zur Kasse\" class=\"wp-block-woocommerce-proceed-to-checkout-block\"><\/div>\n\n\n\n<div data-block-name=\"woocommerce\/cart-accepted-payment-methods-block\" class=\"wp-block-woocommerce-cart-accepted-payment-methods-block\"><\/div>\n<\/div>\n<\/div>\n\n\n\n<div data-block-name=\"woocommerce\/empty-cart-block\" class=\"wp-block-woocommerce-empty-cart-block\">\n<h2 class=\"wp-block-heading has-text-align-center with-empty-cart-icon wc-block-cart__empty-cart__title\">Dein Warenkorb ist gerade leer! <a href=\"https:\/\/heimatnah.com\/?page_id=2620\" data-type=\"page\" data-id=\"2620\">Beginne mit deinem Einkauf.<\/a><\/h2>\n\n\n\n<hr class=\"wp-block-separator has-alpha-channel-opacity is-style-dots\"\/>\n\n\n\n<h2 class=\"wp-block-heading has-text-align-center\">Neu im Shop<\/h2>\n\n\n<div data-block-name=\"woocommerce\/product-new\" data-columns=\"4\" data-rows=\"1\" class=\"wc-block-grid wp-block-product-new wp-block-woocommerce-product-new wc-block-product-new has-4-columns\"><ul class=\"wc-block-grid__products\"><li class=\"wc-block-grid__product\">\n\t\t\t\t<a href=\"https:\/\/heimatnah.com\/?product=zirbenpolsterl\" class=\"wc-block-grid__product-link\">\n\t\t\t\t\t\n\t\t\t\t\t<div class=\"wc-block-grid__product-image\"><img loading=\"lazy\" decoding=\"async\" width=\"300\" height=\"225\" src=\"https:\/\/i0.wp.com\/heimatnah.com\/wp-content\/uploads\/2026\/04\/wp-17752171562424730437373793942428.jpg?resize=300%2C225&amp;ssl=1\" class=\"attachment-woocommerce_thumbnail size-woocommerce_thumbnail\" alt=\"Zirbenpolsterl\" srcset=\"https:\/\/i0.wp.com\/heimatnah.com\/wp-content\/uploads\/2026\/04\/wp-17752171562424730437373793942428.jpg?resize=300%2C225&amp;ssl=1 300w, https:\/\/i0.wp.com\/heimatnah.com\/wp-content\/uploads\/2026\/04\/wp-17752171562424730437373793942428.jpg?zoom=2&amp;resize=300%2C225&amp;ssl=1 600w, https:\/\/i0.wp.com\/heimatnah.com\/wp-content\/uploads\/2026\/04\/wp-17752171562424730437373793942428.jpg?zoom=3&amp;resize=300%2C225&amp;ssl=1 900w\" sizes=\"auto, (max-width: 300px) 100vw, 300px\" data-attachment-id=\"6928\" data-permalink=\"https:\/\/heimatnah.com\/?attachment_id=6928\" data-orig-file=\"https:\/\/i0.wp.com\/heimatnah.com\/wp-content\/uploads\/2026\/04\/wp-17752171562424730437373793942428.jpg?fit=2000%2C1202&amp;ssl=1\" data-orig-size=\"2000,1202\" data-comments-opened=\"0\" data-image-meta='{\"aperture\":\"1.8\",\"credit\":\"\",\"camera\":\"V2110\",\"caption\":\"\",\"created_timestamp\":\"1775223811\",\"copyright\":\"\",\"focal_length\":\"3.96\",\"iso\":\"925\",\"shutter_speed\":\"0.030002000133342\",\"title\":\"\",\"orientation\":\"1\"}' data-image-title=\"wp-17752171562424730437373793942428\" data-image-description=\"\" data-image-caption=\"\" data-medium-file=\"https:\/\/i0.wp.com\/heimatnah.com\/wp-content\/uploads\/2026\/04\/wp-17752171562424730437373793942428.jpg?fit=300%2C180&amp;ssl=1\" data-large-file=\"https:\/\/i0.wp.com\/heimatnah.com\/wp-content\/uploads\/2026\/04\/wp-17752171562424730437373793942428.jpg?fit=1024%2C615&amp;ssl=1\"><\/div>\n\t\t\t\t\t<div class=\"wc-block-grid__product-title\">Zirbenpolsterl<\/div>\n\t\t\t\t<\/a>\n\t\t\t\t<div class=\"wc-block-grid__product-price price\"><span class=\"woocommerce-Price-amount amount\"><span class=\"woocommerce-Price-currencySymbol\">&euro;<\/span>&nbsp;15,00<\/span><\/div><p class=\"wc-gzd-additional-info wc-gzd-additional-info-loop small-business-info\">Kleinunternehmer nach &sect;19 UStG<\/p>\n\t\t\t\t\n\t\t\t\t<div class=\"wp-block-button wc-block-grid__product-add-to-cart\"><a href=\"\/index.php?rest_route=%2Fwp%2Fv2%2Fpages%2F5213&amp;add-to-cart=6879\" aria-label=\"In den Warenkorb legen: &bdquo;Zirbenpolsterl&ldquo;\" data-quantity=\"1\" data-product_id=\"6879\" data-product_sku=\"\" data-price=\"15\" rel=\"nofollow\" class=\"wp-block-button__link wp-element-button add_to_cart_button ajax_add_to_cart\">In den Warenkorb<\/a><\/div>\n\t\t\t<\/li>\n<li class=\"wc-block-grid__product\">\n\t\t\t\t<a href=\"https:\/\/heimatnah.com\/?product=mini-yogi-special-edition\" class=\"wc-block-grid__product-link\">\n\t\t\t\t\t<div class=\"wc-block-grid__product-onsale\">\n\t\t\t<span aria-hidden=\"true\">Angebot<\/span>\n\t\t\t<span class=\"screen-reader-text\">Produkt im Angebot<\/span>\n\t\t<\/div>\n\t\t\t\t\t<div class=\"wc-block-grid__product-image\"><img loading=\"lazy\" decoding=\"async\" width=\"300\" height=\"225\" src=\"https:\/\/i0.wp.com\/heimatnah.com\/wp-content\/uploads\/2026\/04\/wp-1775217156681637132907269184982.jpg?resize=300%2C225&amp;ssl=1\" class=\"attachment-woocommerce_thumbnail size-woocommerce_thumbnail\" alt=\"Mini-Yogi Special Edition\" srcset=\"https:\/\/i0.wp.com\/heimatnah.com\/wp-content\/uploads\/2026\/04\/wp-1775217156681637132907269184982.jpg?resize=300%2C225&amp;ssl=1 300w, https:\/\/i0.wp.com\/heimatnah.com\/wp-content\/uploads\/2026\/04\/wp-1775217156681637132907269184982.jpg?zoom=2&amp;resize=300%2C225&amp;ssl=1 600w, https:\/\/i0.wp.com\/heimatnah.com\/wp-content\/uploads\/2026\/04\/wp-1775217156681637132907269184982.jpg?zoom=3&amp;resize=300%2C225&amp;ssl=1 900w\" sizes=\"auto, (max-width: 300px) 100vw, 300px\" data-attachment-id=\"6927\" data-permalink=\"https:\/\/heimatnah.com\/?attachment_id=6927\" data-orig-file=\"https:\/\/i0.wp.com\/heimatnah.com\/wp-content\/uploads\/2026\/04\/wp-1775217156681637132907269184982.jpg?fit=2000%2C1808&amp;ssl=1\" data-orig-size=\"2000,1808\" data-comments-opened=\"0\" data-image-meta='{\"aperture\":\"1.8\",\"credit\":\"\",\"camera\":\"V2110\",\"caption\":\"\",\"created_timestamp\":\"1775223582\",\"copyright\":\"\",\"focal_length\":\"3.96\",\"iso\":\"814\",\"shutter_speed\":\"0.020001000050003\",\"title\":\"\",\"orientation\":\"1\"}' data-image-title=\"&amp;#8222;Mini-Yogi&amp;#8220; Kreuzstich\" data-image-description=\"\" data-image-caption=\"\" data-medium-file=\"https:\/\/i0.wp.com\/heimatnah.com\/wp-content\/uploads\/2026\/04\/wp-1775217156681637132907269184982.jpg?fit=300%2C271&amp;ssl=1\" data-large-file=\"https:\/\/i0.wp.com\/heimatnah.com\/wp-content\/uploads\/2026\/04\/wp-1775217156681637132907269184982.jpg?fit=1024%2C926&amp;ssl=1\"><\/div>\n\t\t\t\t\t<div class=\"wc-block-grid__product-title\">Mini-Yogi Special Edition<\/div>\n\t\t\t\t<\/a>\n\t\t\t\t<div class=\"wc-block-grid__product-price price\"><del aria-hidden=\"true\"><span class=\"woocommerce-Price-amount amount\"><span class=\"woocommerce-Price-currencySymbol\">&euro;<\/span>&nbsp;30,00<\/span><\/del> <span class=\"screen-reader-text\">Urspr&uuml;nglicher Preis war: &euro;&nbsp;30,00<\/span><span class=\"wc-gzd-sale-price-label wc-gzd-sale-price-regular-label\">Neuer Preis:<\/span> <ins aria-hidden=\"true\"><span class=\"woocommerce-Price-amount amount\"><span class=\"woocommerce-Price-currencySymbol\">&euro;<\/span>&nbsp;25,00<\/span><\/ins><span class=\"screen-reader-text\">Aktueller Preis ist: &euro;&nbsp;25,00.<\/span><\/div><p class=\"wc-gzd-additional-info wc-gzd-additional-info-loop small-business-info\">Kleinunternehmer nach &sect;19 UStG<\/p>\n\t\t\t\t\n\t\t\t\t<div class=\"wp-block-button wc-block-grid__product-add-to-cart\"><a href=\"\/index.php?rest_route=%2Fwp%2Fv2%2Fpages%2F5213&amp;add-to-cart=6913\" aria-label=\"In den Warenkorb legen: &bdquo;Mini-Yogi Special Edition&ldquo;\" data-quantity=\"1\" data-product_id=\"6913\" data-product_sku=\"\" data-price=\"25\" rel=\"nofollow\" class=\"wp-block-button__link wp-element-button add_to_cart_button ajax_add_to_cart\">In den Warenkorb<\/a><\/div>\n\t\t\t<\/li>\n<li class=\"wc-block-grid__product\">\n\t\t\t\t<a href=\"https:\/\/heimatnah.com\/?product=gutschein\" class=\"wc-block-grid__product-link\">\n\t\t\t\t\t\n\t\t\t\t\t<div class=\"wc-block-grid__product-image\"><img loading=\"lazy\" decoding=\"async\" width=\"300\" height=\"225\" src=\"https:\/\/i0.wp.com\/heimatnah.com\/wp-content\/uploads\/2020\/12\/gutschein.jpg?resize=300%2C225&amp;ssl=1\" class=\"attachment-woocommerce_thumbnail size-woocommerce_thumbnail\" alt=\"Symbolbild\" srcset=\"https:\/\/i0.wp.com\/heimatnah.com\/wp-content\/uploads\/2020\/12\/gutschein.jpg?resize=300%2C225&amp;ssl=1 300w, https:\/\/i0.wp.com\/heimatnah.com\/wp-content\/uploads\/2020\/12\/gutschein.jpg?zoom=2&amp;resize=300%2C225&amp;ssl=1 600w, https:\/\/i0.wp.com\/heimatnah.com\/wp-content\/uploads\/2020\/12\/gutschein.jpg?zoom=3&amp;resize=300%2C225&amp;ssl=1 900w\" sizes=\"auto, (max-width: 300px) 100vw, 300px\" data-attachment-id=\"3014\" data-permalink=\"https:\/\/heimatnah.com\/?attachment_id=3014\" data-orig-file=\"https:\/\/i0.wp.com\/heimatnah.com\/wp-content\/uploads\/2020\/12\/gutschein.jpg?fit=1800%2C1200&amp;ssl=1\" data-orig-size=\"1800,1200\" data-comments-opened=\"1\" data-image-meta='{\"aperture\":\"0\",\"credit\":\"\",\"camera\":\"\",\"caption\":\"\",\"created_timestamp\":\"0\",\"copyright\":\"\",\"focal_length\":\"0\",\"iso\":\"0\",\"shutter_speed\":\"0\",\"title\":\"\",\"orientation\":\"1\"}' data-image-title=\"Gutschein\" data-image-description=\"&lt;p&gt;Symbolbild&lt;\/p&gt;\n\" data-image-caption=\"&lt;p&gt;Symbolbild&lt;\/p&gt;\n\" data-medium-file=\"https:\/\/i0.wp.com\/heimatnah.com\/wp-content\/uploads\/2020\/12\/gutschein.jpg?fit=300%2C200&amp;ssl=1\" data-large-file=\"https:\/\/i0.wp.com\/heimatnah.com\/wp-content\/uploads\/2020\/12\/gutschein.jpg?fit=1024%2C683&amp;ssl=1\"><\/div>\n\t\t\t\t\t<div class=\"wc-block-grid__product-title\">Gutschein<\/div>\n\t\t\t\t<\/a>\n\t\t\t\t<div class=\"wc-block-grid__product-price price\">ab <span class=\"woocommerce-Price-amount amount\"><span class=\"woocommerce-Price-currencySymbol\">&euro;<\/span>&nbsp;10,00<\/span><\/div><p class=\"wc-gzd-additional-info wc-gzd-additional-info-loop small-business-info\">Kleinunternehmer nach &sect;19 UStG<\/p>\n\t\t\t\t\n\t\t\t\t<div class=\"wp-block-button wc-block-grid__product-add-to-cart\"><a href=\"https:\/\/heimatnah.com\/?product=gutschein\" aria-label=\"W&auml;hle Optionen f&uuml;r &bdquo;Gutschein&ldquo;\" data-quantity=\"1\" data-product_id=\"6895\" data-product_sku=\"\" data-price=\"10\" rel=\"nofollow\" class=\"wp-block-button__link wp-element-button add_to_cart_button\">Ausf&uuml;hrung w&auml;hlen<\/a><\/div>\n\t\t\t<\/li>\n<li class=\"wc-block-grid__product\">\n\t\t\t\t<a href=\"https:\/\/heimatnah.com\/?product=zirbenpolsterl-ausfuehrung-waehlen\" class=\"wc-block-grid__product-link\">\n\t\t\t\t\t\n\t\t\t\t\t<div class=\"wc-block-grid__product-image\"><img loading=\"lazy\" decoding=\"async\" width=\"300\" height=\"225\" src=\"https:\/\/i0.wp.com\/heimatnah.com\/wp-content\/uploads\/2023\/12\/wp-1701786639154.jpg?resize=300%2C225&amp;ssl=1\" class=\"attachment-woocommerce_thumbnail size-woocommerce_thumbnail\" alt=\"Zirbenpolsterl - Ausf&uuml;hrung w&auml;hlen\" srcset=\"https:\/\/i0.wp.com\/heimatnah.com\/wp-content\/uploads\/2023\/12\/wp-1701786639154.jpg?resize=300%2C225&amp;ssl=1 300w, https:\/\/i0.wp.com\/heimatnah.com\/wp-content\/uploads\/2023\/12\/wp-1701786639154.jpg?zoom=2&amp;resize=300%2C225&amp;ssl=1 600w, https:\/\/i0.wp.com\/heimatnah.com\/wp-content\/uploads\/2023\/12\/wp-1701786639154.jpg?zoom=3&amp;resize=300%2C225&amp;ssl=1 900w\" sizes=\"auto, (max-width: 300px) 100vw, 300px\" data-attachment-id=\"4507\" data-permalink=\"https:\/\/heimatnah.com\/?attachment_id=4507\" data-orig-file=\"https:\/\/i0.wp.com\/heimatnah.com\/wp-content\/uploads\/2023\/12\/wp-1701786639154.jpg?fit=3276%2C2336&amp;ssl=1\" data-orig-size=\"3276,2336\" data-comments-opened=\"0\" data-image-meta='{\"aperture\":\"1.8\",\"credit\":\"\",\"camera\":\"V2110\",\"caption\":\"\",\"created_timestamp\":\"1701785177\",\"copyright\":\"\",\"focal_length\":\"3.96\",\"iso\":\"910\",\"shutter_speed\":\"0.030002\",\"title\":\"\",\"orientation\":\"0\"}' data-image-title=\"Zirbenpolsterl\" data-image-description=\"\" data-image-caption=\"&lt;p&gt;Zirbenpolsterl Rot EUR 10.00&lt;\/p&gt;\n\" data-medium-file=\"https:\/\/i0.wp.com\/heimatnah.com\/wp-content\/uploads\/2023\/12\/wp-1701786639154.jpg?fit=300%2C214&amp;ssl=1\" data-large-file=\"https:\/\/i0.wp.com\/heimatnah.com\/wp-content\/uploads\/2023\/12\/wp-1701786639154.jpg?fit=1024%2C730&amp;ssl=1\"><\/div>\n\t\t\t\t\t<div class=\"wc-block-grid__product-title\">Zirbenpolsterl &#8211; Ausf&uuml;hrung w&auml;hlen<\/div>\n\t\t\t\t<\/a>\n\t\t\t\t<div class=\"wc-block-grid__product-price price\"><span class=\"woocommerce-Price-amount amount\"><span class=\"woocommerce-Price-currencySymbol\">&euro;<\/span>&nbsp;10,00<\/span><\/div><p class=\"wc-gzd-additional-info wc-gzd-additional-info-loop small-business-info\">Kleinunternehmer nach &sect;19 UStG<\/p>\n\t\t\t\t\n\t\t\t\t<div class=\"wp-block-button wc-block-grid__product-add-to-cart\"><a href=\"https:\/\/heimatnah.com\/?product=zirbenpolsterl-ausfuehrung-waehlen\" aria-label=\"W&auml;hle Optionen f&uuml;r &bdquo;Zirbenpolsterl - Ausf&uuml;hrung w&auml;hlen&ldquo;\" data-quantity=\"1\" data-product_id=\"6882\" data-product_sku=\"\" data-price=\"10\" rel=\"nofollow\" class=\"wp-block-button__link wp-element-button add_to_cart_button\">Ausf&uuml;hrung w&auml;hlen<\/a><\/div>\n\t\t\t<\/li>\n<\/ul><\/div><\/div>\n<\/div>\n","protected":false},"excerpt":{"rendered":"","protected":false},"author":126906401,"featured_media":0,"parent":0,"menu_order":0,"comment_status":"closed","ping_status":"closed","template":"","meta":{"_coblocks_attr":"","_coblocks_dimensions":"","_coblocks_responsive_height":"","_coblocks_accordion_ie_support":"","_crdt_document":"","jetpack_post_was_ever_published":false,"footnotes":""},"class_list":["post-5213","page","type-page","status-publish","hentry"],"yoast_head":"<!-- This site is optimized with the Yoast SEO plugin v27.3 - https:\/\/yoast.com\/product\/yoast-seo-wordpress\/ -->\n<title>Warenkorb - Heimatnah<\/title>\n<meta name=\"robots\" content=\"index, follow, max-snippet:-1, max-image-preview:large, max-video-preview:-1\" \/>\n<link rel=\"canonical\" href=\"https:\/\/heimatnah.com\/?page_id=5213\" \/>\n<meta property=\"og:locale\" content=\"de_DE\" \/>\n<meta property=\"og:type\" content=\"article\" \/>\n<meta property=\"og:title\" content=\"Warenkorb - Heimatnah\" \/>\n<meta property=\"og:url\" content=\"https:\/\/heimatnah.com\/?page_id=5213\" \/>\n<meta property=\"og:site_name\" content=\"Heimatnah\" \/>\n<meta property=\"article:modified_time\" content=\"2025-02-08T09:09:43+00:00\" \/>\n<meta name=\"twitter:card\" content=\"summary_large_image\" \/>\n<meta name=\"twitter:label1\" content=\"Gesch\u00e4tzte Lesezeit\" \/>\n\t<meta name=\"twitter:data1\" content=\"1\u00a0Minute\" \/>\n<script type=\"application\/ld+json\" class=\"yoast-schema-graph\">{\"@context\":\"https:\\\/\\\/schema.org\",\"@graph\":[{\"@type\":\"WebPage\",\"@id\":\"https:\\\/\\\/heimatnah.com\\\/?page_id=5213\",\"url\":\"https:\\\/\\\/heimatnah.com\\\/?page_id=5213\",\"name\":\"Warenkorb - Heimatnah\",\"isPartOf\":{\"@id\":\"https:\\\/\\\/heimatnah.com\\\/#website\"},\"datePublished\":\"2024-09-02T17:50:44+00:00\",\"dateModified\":\"2025-02-08T09:09:43+00:00\",\"breadcrumb\":{\"@id\":\"https:\\\/\\\/heimatnah.com\\\/?page_id=5213#breadcrumb\"},\"inLanguage\":\"de\",\"potentialAction\":[{\"@type\":\"ReadAction\",\"target\":[\"https:\\\/\\\/heimatnah.com\\\/?page_id=5213\"]}]},{\"@type\":\"BreadcrumbList\",\"@id\":\"https:\\\/\\\/heimatnah.com\\\/?page_id=5213#breadcrumb\",\"itemListElement\":[{\"@type\":\"ListItem\",\"position\":1,\"name\":\"Startseite\",\"item\":\"https:\\\/\\\/heimatnah.com\\\/\"},{\"@type\":\"ListItem\",\"position\":2,\"name\":\"Warenkorb\"}]},{\"@type\":\"WebSite\",\"@id\":\"https:\\\/\\\/heimatnah.com\\\/#website\",\"url\":\"https:\\\/\\\/heimatnah.com\\\/\",\"name\":\"Heimatnah\",\"description\":\"Reise  Inspiration  Design\",\"publisher\":{\"@id\":\"https:\\\/\\\/heimatnah.com\\\/#organization\"},\"potentialAction\":[{\"@type\":\"SearchAction\",\"target\":{\"@type\":\"EntryPoint\",\"urlTemplate\":\"https:\\\/\\\/heimatnah.com\\\/?s={search_term_string}\"},\"query-input\":{\"@type\":\"PropertyValueSpecification\",\"valueRequired\":true,\"valueName\":\"search_term_string\"}}],\"inLanguage\":\"de\"},{\"@type\":\"Organization\",\"@id\":\"https:\\\/\\\/heimatnah.com\\\/#organization\",\"name\":\"Heimatnah\",\"url\":\"https:\\\/\\\/heimatnah.com\\\/\",\"logo\":{\"@type\":\"ImageObject\",\"inLanguage\":\"de\",\"@id\":\"https:\\\/\\\/heimatnah.com\\\/#\\\/schema\\\/logo\\\/image\\\/\",\"url\":\"https:\\\/\\\/i0.wp.com\\\/heimatnah.com\\\/wp-content\\\/uploads\\\/2018\\\/03\\\/cropped-mountain-road-e1629038020930.png?fit=512%2C419&ssl=1\",\"contentUrl\":\"https:\\\/\\\/i0.wp.com\\\/heimatnah.com\\\/wp-content\\\/uploads\\\/2018\\\/03\\\/cropped-mountain-road-e1629038020930.png?fit=512%2C419&ssl=1\",\"width\":512,\"height\":419,\"caption\":\"Heimatnah\"},\"image\":{\"@id\":\"https:\\\/\\\/heimatnah.com\\\/#\\\/schema\\\/logo\\\/image\\\/\"},\"sameAs\":[\"https:\\\/\\\/at.pinterest.com\\\/heimatnaht\"]}]}<\/script>\n<!-- \/ Yoast SEO plugin. -->","yoast_head_json":{"title":"Warenkorb - Heimatnah","robots":{"index":"index","follow":"follow","max-snippet":"max-snippet:-1","max-image-preview":"max-image-preview:large","max-video-preview":"max-video-preview:-1"},"canonical":"https:\/\/heimatnah.com\/?page_id=5213","og_locale":"de_DE","og_type":"article","og_title":"Warenkorb - Heimatnah","og_url":"https:\/\/heimatnah.com\/?page_id=5213","og_site_name":"Heimatnah","article_modified_time":"2025-02-08T09:09:43+00:00","twitter_card":"summary_large_image","twitter_misc":{"Gesch\u00e4tzte Lesezeit":"1\u00a0Minute"},"schema":{"@context":"https:\/\/schema.org","@graph":[{"@type":"WebPage","@id":"https:\/\/heimatnah.com\/?page_id=5213","url":"https:\/\/heimatnah.com\/?page_id=5213","name":"Warenkorb - Heimatnah","isPartOf":{"@id":"https:\/\/heimatnah.com\/#website"},"datePublished":"2024-09-02T17:50:44+00:00","dateModified":"2025-02-08T09:09:43+00:00","breadcrumb":{"@id":"https:\/\/heimatnah.com\/?page_id=5213#breadcrumb"},"inLanguage":"de","potentialAction":[{"@type":"ReadAction","target":["https:\/\/heimatnah.com\/?page_id=5213"]}]},{"@type":"BreadcrumbList","@id":"https:\/\/heimatnah.com\/?page_id=5213#breadcrumb","itemListElement":[{"@type":"ListItem","position":1,"name":"Startseite","item":"https:\/\/heimatnah.com\/"},{"@type":"ListItem","position":2,"name":"Warenkorb"}]},{"@type":"WebSite","@id":"https:\/\/heimatnah.com\/#website","url":"https:\/\/heimatnah.com\/","name":"Heimatnah","description":"Reise  Inspiration  Design","publisher":{"@id":"https:\/\/heimatnah.com\/#organization"},"potentialAction":[{"@type":"SearchAction","target":{"@type":"EntryPoint","urlTemplate":"https:\/\/heimatnah.com\/?s={search_term_string}"},"query-input":{"@type":"PropertyValueSpecification","valueRequired":true,"valueName":"search_term_string"}}],"inLanguage":"de"},{"@type":"Organization","@id":"https:\/\/heimatnah.com\/#organization","name":"Heimatnah","url":"https:\/\/heimatnah.com\/","logo":{"@type":"ImageObject","inLanguage":"de","@id":"https:\/\/heimatnah.com\/#\/schema\/logo\/image\/","url":"https:\/\/i0.wp.com\/heimatnah.com\/wp-content\/uploads\/2018\/03\/cropped-mountain-road-e1629038020930.png?fit=512%2C419&ssl=1","contentUrl":"https:\/\/i0.wp.com\/heimatnah.com\/wp-content\/uploads\/2018\/03\/cropped-mountain-road-e1629038020930.png?fit=512%2C419&ssl=1","width":512,"height":419,"caption":"Heimatnah"},"image":{"@id":"https:\/\/heimatnah.com\/#\/schema\/logo\/image\/"},"sameAs":["https:\/\/at.pinterest.com\/heimatnaht"]}]}},"jetpack_sharing_enabled":false,"jetpack_shortlink":"https:\/\/wp.me\/P97bXG-1m5","jetpack-related-posts":[{"id":5664,"url":"https:\/\/heimatnah.com\/?page_id=5664","url_meta":{"origin":5213,"position":0},"title":"AGB","author":"heimkehrerin","date":"5. Januar 2025","format":false,"excerpt":"AGB \u00dcbersicht Geltungsbereich der AGB Kontakt- und Serviceangaben Allgemeine Hinweise zu Angeboten und Bestellungen Bestellvorgang und Vertragsschluss Vertragstext und Vertragssprache Kundenkonto Informationen zu Preisen und Versandkosten Zahlungsarten und Zahlungsbedingungen Eigentumsvorbehalt Lieferung und Warenverf\u00fcgbarkeit Digitale Inhalte Verkauf von Gutscheinen Aktionsgutscheine Urheber- und Nutzungsrechte Widerrufsbelehrung Gew\u00e4hrleistung und Haftung Personenbezogene Daten \u00c4nderung der\u2026","rel":"","context":"\u00c4hnlicher Beitrag","block_context":{"text":"\u00c4hnlicher Beitrag","link":""},"img":{"alt_text":"","src":"","width":0,"height":0},"classes":[]},{"id":953,"url":"https:\/\/heimatnah.com\/?page_id=953","url_meta":{"origin":5213,"position":1},"title":"Finanzielles","author":"heimkehrerin","date":"5. November 2017","format":false,"excerpt":"\u00a0 Wie stelle ich mein Reisebudget auf? Dazu gibt es keinen Hinweis. Viele Reisende pflegen einen reduzierten Lebensstil, so geht es wohl am einfachsten. Mit welchen Kosten muss ich pro Monat rechnen? Das h\u00e4ngt ganz vom Reisestil ab, die Grenze ist nach oben offen. Als unge\u00fcbter Backpacker wird man anfangs\u2026","rel":"","context":"\u00c4hnlicher Beitrag","block_context":{"text":"\u00c4hnlicher Beitrag","link":""},"img":{"alt_text":"","src":"","width":0,"height":0},"classes":[]},{"id":955,"url":"https:\/\/heimatnah.com\/?page_id=955","url_meta":{"origin":5213,"position":2},"title":"Rucksack","author":"heimkehrerin","date":"5. November 2017","format":false,"excerpt":"\u00a0 Welcher Rucksack ist der richtige? Die Auswahl an Backpacking-Rucks\u00e4cken ist enorm, ist man unsicher, l\u00e4sst man sich von einem Fachmann beraten. Generell ist auf\u00a0 eine komfortable Trageeigenschaft zu achten,\u00a0 auf einen stabilen Bauchgurt, eine gute Aufteilung und nicht auf die Marke - er muss zur Person und zum Reisestil\u2026","rel":"","context":"\u00c4hnlicher Beitrag","block_context":{"text":"\u00c4hnlicher Beitrag","link":""},"img":{"alt_text":"","src":"","width":0,"height":0},"classes":[]},{"id":5775,"url":"https:\/\/heimatnah.com\/?page_id=5775","url_meta":{"origin":5213,"position":3},"title":"FAQ &#038; Hilfe","author":"heimkehrerin","date":"11. Januar 2025","format":false,"excerpt":"FAQ & Hilfe Bestellung Welche Vorteile bietet mir das Kundenkonto? In Ihrem Kundenkonto k\u00f6nnen Sie direkt Ihre letzten Bestellungen einsehen, Rechnungen aufrufen, Ihre Liefer- und Rechnungsadresse verwalten und Ihr Passwort sowie Kontodetails bearbeiten. Wie kann ich mein Passwort \u00e4ndern? Das Passwort kann im Kundenkonto unter dem Punkt \"Kontodetails\" jederzeit ge\u00e4ndert\u2026","rel":"","context":"\u00c4hnlicher Beitrag","block_context":{"text":"\u00c4hnlicher Beitrag","link":""},"img":{"alt_text":"","src":"","width":0,"height":0},"classes":[]},{"id":952,"url":"https:\/\/heimatnah.com\/?page_id=952","url_meta":{"origin":5213,"position":4},"title":"Alleine unterwegs","author":"heimkehrerin","date":"5. November 2017","format":false,"excerpt":"Auf eigene Faust die Welt zu erkunden - f\u00fcr viele Menschen ein Traum, der zu einem Plan und schlie\u00dflich zur Realit\u00e4t wird. Alleine reisen bedeutet: Erkenntnisgewinn - mutig sein - Offenheit - dem Herzen zu folgen - zielstrebig sein - einer Tradition begegnen - sich selbst zu ver\u00e4ndern - ein\u2026","rel":"","context":"\u00c4hnlicher Beitrag","block_context":{"text":"\u00c4hnlicher Beitrag","link":""},"img":{"alt_text":"","src":"https:\/\/i0.wp.com\/heimatnah.com\/wp-content\/uploads\/2017\/11\/img_20170525_113441.jpg?fit=900%2C1200&ssl=1&resize=350%2C200","width":350,"height":200,"srcset":"https:\/\/i0.wp.com\/heimatnah.com\/wp-content\/uploads\/2017\/11\/img_20170525_113441.jpg?fit=900%2C1200&ssl=1&resize=350%2C200 1x, https:\/\/i0.wp.com\/heimatnah.com\/wp-content\/uploads\/2017\/11\/img_20170525_113441.jpg?fit=900%2C1200&ssl=1&resize=525%2C300 1.5x, https:\/\/i0.wp.com\/heimatnah.com\/wp-content\/uploads\/2017\/11\/img_20170525_113441.jpg?fit=900%2C1200&ssl=1&resize=700%2C400 2x"},"classes":[]}],"_links":{"self":[{"href":"https:\/\/heimatnah.com\/index.php?rest_route=\/wp\/v2\/pages\/5213","targetHints":{"allow":["GET"]}}],"collection":[{"href":"https:\/\/heimatnah.com\/index.php?rest_route=\/wp\/v2\/pages"}],"about":[{"href":"https:\/\/heimatnah.com\/index.php?rest_route=\/wp\/v2\/types\/page"}],"author":[{"embeddable":true,"href":"https:\/\/heimatnah.com\/index.php?rest_route=\/wp\/v2\/users\/126906401"}],"replies":[{"embeddable":true,"href":"https:\/\/heimatnah.com\/index.php?rest_route=%2Fwp%2Fv2%2Fcomments&post=5213"}],"version-history":[{"count":5,"href":"https:\/\/heimatnah.com\/index.php?rest_route=\/wp\/v2\/pages\/5213\/revisions"}],"predecessor-version":[{"id":6083,"href":"https:\/\/heimatnah.com\/index.php?rest_route=\/wp\/v2\/pages\/5213\/revisions\/6083"}],"wp:attachment":[{"href":"https:\/\/heimatnah.com\/index.php?rest_route=%2Fwp%2Fv2%2Fmedia&parent=5213"}],"curies":[{"name":"wp","href":"https:\/\/api.w.org\/{rel}","templated":true}]}}